{"id":1895,"date":"2025-10-18T02:49:03","date_gmt":"2025-10-18T02:49:03","guid":{"rendered":"https:\/\/www.bomclay.com\/?post_type=product&#038;p=1895"},"modified":"2025-11-19T10:25:17","modified_gmt":"2025-11-19T10:25:17","slug":"un-visiteur-dans-la-savane-deuxieme-edition-version-ebook","status":"publish","type":"product","link":"https:\/\/www.bomclay.com\/index.php\/product\/un-visiteur-dans-la-savane-deuxieme-edition-version-ebook\/","title":{"rendered":"Un visiteur dans la savane, 2\u1d49 \u00e9dition (ebook)"},"content":{"rendered":"<p data-start=\"151\" data-end=\"263\"><strong>Un visiteur dans la savane, 2\u1d49 \u00e9dition (ebook)<\/strong><\/p>\n<p data-start=\"151\" data-end=\"263\"><em data-start=\"202\" data-end=\"263\">Un conte doux, magique et plein de tendresse sign\u00e9 Bomclay.<\/em><\/p>\n<p data-start=\"265\" data-end=\"493\">D\u00e9couvrez une histoire qui r\u00e9chauffe le c\u0153ur : celle d\u2019une petite peluche venue d\u2019un autre monde, faite de coton et de lumi\u00e8re.<br data-start=\"392\" data-end=\"395\" \/>Curieuse et bienveillante, elle traverse les r\u00eaves pour trouver des amis et partager la douceur.<\/p>\n<p data-start=\"265\" data-end=\"493\"><strong data-start=\"498\" data-end=\"531\">Pourquoi vous allez l\u2019aimer :<\/strong><\/p>\n<ul data-start=\"534\" data-end=\"778\">\n<li data-start=\"534\" data-end=\"612\">\n<p data-start=\"536\" data-end=\"612\">Une histoire apaisante pour le soir, pleine d\u2019\u00e9motion et de bienveillance.<\/p>\n<\/li>\n<li data-start=\"613\" data-end=\"707\">\n<p data-start=\"615\" data-end=\"707\">De magnifiques illustrations qui transportent les petits lecteurs dans un univers magique.<\/p>\n<\/li>\n<li data-start=\"708\" data-end=\"778\">\n<p data-start=\"710\" data-end=\"778\">Un message fort sur l\u2019amiti\u00e9, la diff\u00e9rence et la douceur du c\u0153ur.<\/p>\n<\/li>\n<\/ul>\n<p data-start=\"780\" data-end=\"947\"><strong data-start=\"783\" data-end=\"799\">Id\u00e9al pour :<\/strong><\/p>\n<p data-start=\"780\" data-end=\"947\">Les enfants de 3 \u00e0 8 ans, les parents en qu\u00eate d\u2019un moment calme avant le coucher, ou toute personne aimant les histoires tendres et po\u00e9tiques.<\/p>\n<p data-start=\"949\" data-end=\"1006\"><strong data-start=\"952\" data-end=\"1006\">Un ebook Bomclay \u2013 Cr\u00e9\u00e9 pour \u00eatre c\u00e2lin\u00e9.<\/strong><\/p>\n","protected":false},"excerpt":{"rendered":"<p><strong>Un visiteur dans la savane, 2\u1d49 \u00e9dition (version ebook)<\/strong><\/p>\n<p>Un conte tendre et magique o\u00f9 une peluche de lumi\u00e8re d\u00e9couvre la force de l\u2019amiti\u00e9.<br data-start=\"248\" data-end=\"251\" \/>Parfait pour offrir un moment de douceur aux petits r\u00eaveurs.<\/p>\n","protected":false},"featured_media":1908,"comment_status":"open","ping_status":"closed","template":"","meta":{"content-type":"","inline_featured_image":false,"ocean_post_layout":"","ocean_both_sidebars_style":"","ocean_both_sidebars_content_width":0,"ocean_both_sidebars_sidebars_width":0,"ocean_sidebar":"0","ocean_second_sidebar":"0","ocean_disable_margins":"enable","ocean_add_body_class":"","ocean_shortcode_before_top_bar":"","ocean_shortcode_after_top_bar":"","ocean_shortcode_before_header":"","ocean_shortcode_after_header":"","ocean_has_shortcode":"","ocean_shortcode_after_title":"","ocean_shortcode_before_footer_widgets":"","ocean_shortcode_after_footer_widgets":"","ocean_shortcode_before_footer_bottom":"","ocean_shortcode_after_footer_bottom":"","ocean_display_top_bar":"default","ocean_display_header":"default","ocean_header_style":"","ocean_center_header_left_menu":"0","ocean_custom_header_template":"0","ocean_custom_logo":1512,"ocean_custom_retina_logo":0,"ocean_custom_logo_max_width":0,"ocean_custom_logo_tablet_max_width":0,"ocean_custom_logo_mobile_max_width":0,"ocean_custom_logo_max_height":0,"ocean_custom_logo_tablet_max_height":0,"ocean_custom_logo_mobile_max_height":0,"ocean_header_custom_menu":"0","ocean_menu_typo_font_family":"0","ocean_menu_typo_font_subset":"","ocean_menu_typo_font_size":0,"ocean_menu_typo_font_size_tablet":0,"ocean_menu_typo_font_size_mobile":0,"ocean_menu_typo_font_size_unit":"px","ocean_menu_typo_font_weight":"","ocean_menu_typo_font_weight_tablet":"","ocean_menu_typo_font_weight_mobile":"","ocean_menu_typo_transform":"","ocean_menu_typo_transform_tablet":"","ocean_menu_typo_transform_mobile":"","ocean_menu_typo_line_height":0,"ocean_menu_typo_line_height_tablet":0,"ocean_menu_typo_line_height_mobile":0,"ocean_menu_typo_line_height_unit":"","ocean_menu_typo_spacing":0,"ocean_menu_typo_spacing_tablet":0,"ocean_menu_typo_spacing_mobile":0,"ocean_menu_typo_spacing_unit":"","ocean_menu_link_color":"","ocean_menu_link_color_hover":"","ocean_menu_link_color_active":"","ocean_menu_link_background":"","ocean_menu_link_hover_background":"","ocean_menu_link_active_background":"","ocean_menu_social_links_bg":"","ocean_menu_social_hover_links_bg":"","ocean_menu_social_links_color":"","ocean_menu_social_hover_links_color":"","ocean_disable_title":"default","ocean_disable_heading":"default","ocean_post_title":"","ocean_post_subheading":"","ocean_post_title_style":"","ocean_post_title_background_color":"","ocean_post_title_background":0,"ocean_post_title_bg_image_position":"","ocean_post_title_bg_image_attachment":"","ocean_post_title_bg_image_repeat":"","ocean_post_title_bg_image_size":"","ocean_post_title_height":0,"ocean_post_title_bg_overlay":0.5,"ocean_post_title_bg_overlay_color":"","ocean_disable_breadcrumbs":"default","ocean_breadcrumbs_color":"","ocean_breadcrumbs_separator_color":"","ocean_breadcrumbs_links_color":"","ocean_breadcrumbs_links_hover_color":"","ocean_display_footer_widgets":"default","ocean_display_footer_bottom":"default","ocean_custom_footer_template":"0","omw_enable_modal_window":"enable","ofc_meta_disable_footer_callout":"","ofc_meta_callout_button_url":"","ofc_meta_callout_button_txt":"","ofc_meta_callout_text":"","ofc_enable_fullscreen":"disable","ofc_fullscreen_speed":0,"ofc_fullscreen_nav":"enable","ofc_fullscreen_nav_pos":"right","ofc_fullscreen_nav_color":"","ofc_fullscreen_nav_tooltip_color":"","ofc_fullscreen_responsive":0,"osp_disable_panel":"default","osh_disable_topbar_sticky":"default","osh_disable_header_sticky":"default","osh_sticky_header_style":"default","osh_sticky_header_effect":"","osh_custom_sticky_logo":0,"osh_custom_retina_sticky_logo":0,"osh_custom_sticky_logo_height":0,"osh_background_color":"","osh_links_color":"","osh_links_hover_color":"","osh_links_active_color":"","osh_links_bg_color":"","osh_links_hover_bg_color":"","osh_links_active_bg_color":"","osh_menu_social_links_color":"","osh_menu_social_hover_links_color":""},"product_brand":[35],"product_cat":[36,34],"product_tag":[],"class_list":{"0":"post-1895","1":"product","2":"type-product","3":"status-publish","4":"has-post-thumbnail","6":"product_brand-collection-bomclay-contes-doux","7":"product_cat-collection-bomclay-contes-doux","8":"product_cat-produit-digital","10":"entry","11":"has-media","13":"first","14":"instock","15":"downloadable","16":"virtual","17":"taxable","18":"purchasable","19":"product-type-simple","20":"has-product-nav","21":"col","22":"span_1_of_4","23":"owp-content-center","24":"owp-thumbs-layout-horizontal","25":"owp-btn-big","26":"owp-tabs-layout-vertical"},"jetpack_sharing_enabled":true,"_links":{"self":[{"href":"https:\/\/www.bomclay.com\/index.php\/wp-json\/wp\/v2\/product\/1895","targetHints":{"allow":["GET"]}}],"collection":[{"href":"https:\/\/www.bomclay.com\/index.php\/wp-json\/wp\/v2\/product"}],"about":[{"href":"https:\/\/www.bomclay.com\/index.php\/wp-json\/wp\/v2\/types\/product"}],"replies":[{"embeddable":true,"href":"https:\/\/www.bomclay.com\/index.php\/wp-json\/wp\/v2\/comments?post=1895"}],"wp:featuredmedia":[{"embeddable":true,"href":"https:\/\/www.bomclay.com\/index.php\/wp-json\/wp\/v2\/media\/1908"}],"wp:attachment":[{"href":"https:\/\/www.bomclay.com\/index.php\/wp-json\/wp\/v2\/media?parent=1895"}],"wp:term":[{"taxonomy":"product_brand","embeddable":true,"href":"https:\/\/www.bomclay.com\/index.php\/wp-json\/wp\/v2\/product_brand?post=1895"},{"taxonomy":"product_cat","embeddable":true,"href":"https:\/\/www.bomclay.com\/index.php\/wp-json\/wp\/v2\/product_cat?post=1895"},{"taxonomy":"product_tag","embeddable":true,"href":"https:\/\/www.bomclay.com\/index.php\/wp-json\/wp\/v2\/product_tag?post=1895"}],"curies":[{"name":"wp","href":"https:\/\/api.w.org\/{rel}","templated":true}]}}